{"id":8,"date":"2024-07-07T22:25:05","date_gmt":"2024-07-07T20:25:05","guid":{"rendered":"http:\/\/future-office.pl\/?page_id=8"},"modified":"2025-05-07T12:36:58","modified_gmt":"2025-05-07T10:36:58","slug":"strona-glowna","status":"publish","type":"page","link":"http:\/\/future-office.pl\/","title":{"rendered":"Strona g\u0142\u00f3wna"},"content":{"rendered":"\n<div class=\"wp-block-cover alignfull wp-duotone-grayscale\" style=\"min-height:800px;aspect-ratio:unset;\"><img decoding=\"async\" class=\"wp-block-cover__image-background\" alt=\"\" src=\"http:\/\/future-office.pl\/wp-content\/themes\/neve\/assets\/img\/starter-content\/neve-hero-2.png\" style=\"object-position:32% 50%\" data-object-fit=\"cover\" data-object-position=\"32% 50%\"\/><span aria-hidden=\"true\" class=\"wp-block-cover__background has-background-dim-0 has-background-dim\"><\/span><div class=\"wp-block-cover__inner-container is-layout-flow wp-block-cover-is-layout-flow\">\n<div class=\"wp-block-columns are-vertically-aligned-center is-layout-flex wp-container-core-columns-is-layout-9d6595d7 wp-block-columns-is-layout-flex\">\n<div class=\"wp-block-column is-vertically-aligned-center is-layout-flow wp-block-column-is-layout-flow\" style=\"padding-right:var(--wp--preset--spacing--20);padding-left:var(--wp--preset--spacing--20);flex-basis:65%\">\n<h2 class=\"wp-block-heading has-text-align-left has-nv-text-dark-bg-color has-text-color\">Oszcz\u0119dzaj na etatach, zwi\u0119kszaj efektywno\u015b\u0107 \u2013 wybierz Future Office<\/h2>\n\n\n\n<p class=\"has-text-align-left has-nv-text-dark-bg-color has-text-color\" style=\"font-size:17px\">Wybieraj\u0105c nas obni\u017casz koszty zatrudnienia bez utraty jako\u015bci us\u0142ug. Skup si\u0119 na rozwoju swojego biznesu, a my zajmiemy si\u0119 reszt\u0105 \u2013 efektywnie i profesjonalnie.<\/p>\n\n\n\n<div class=\"wp-block-buttons is-horizontal is-content-justification-left is-layout-flex wp-container-core-buttons-is-layout-7e5fce0a wp-block-buttons-is-layout-flex\">\n<div class=\"wp-block-button is-style-primary\"><a class=\"wp-block-button__link has-text-color has-background has-link-color wp-element-button\" href=\"https:\/\/calendly.com\/kontakt-future-office\/konsultacja-outsourcing-administracyjny\" style=\"color:#0a2279;background-color:#ffffff\">Konsultacja<\/a><\/div>\n\n\n\n<div class=\"wp-block-button is-style-secondary\"><a class=\"wp-block-button__link has-nv-text-dark-bg-color has-text-color has-link-color wp-element-button\" href=\"http:\/\/future-office.pl\/portofolio\/\">Zaufali nam<\/a><\/div>\n<\/div>\n<\/div>\n\n\n\n<div class=\"wp-block-column is-vertically-aligned-center is-layout-flow wp-block-column-is-layout-flow\">\n<figure class=\"wp-block-image size-full is-resized has-custom-border\"><img loading=\"lazy\" decoding=\"async\" width=\"4752\" height=\"9504\" src=\"https:\/\/future-office.pl\/wp-content\/uploads\/2024\/09\/qqqqqqq.png\" alt=\"\" class=\"wp-image-91\" style=\"border-style:none;border-width:0px;border-radius:0px;aspect-ratio:0.75;object-fit:cover;width:137px;height:auto\" srcset=\"http:\/\/future-office.pl\/wp-content\/uploads\/2024\/09\/qqqqqqq.png 4752w, http:\/\/future-office.pl\/wp-content\/uploads\/2024\/09\/qqqqqqq-150x300.png 150w, http:\/\/future-office.pl\/wp-content\/uploads\/2024\/09\/qqqqqqq-512x1024.png 512w, http:\/\/future-office.pl\/wp-content\/uploads\/2024\/09\/qqqqqqq-768x1536.png 768w, http:\/\/future-office.pl\/wp-content\/uploads\/2024\/09\/qqqqqqq-1024x2048.png 1024w\" sizes=\"auto, (max-width: 4752px) 100vw, 4752px\" \/><\/figure>\n<\/div>\n<\/div>\n<\/div><\/div>\n\n\n\n<div class=\"wp-block-columns is-layout-flex wp-container-core-columns-is-layout-9d6595d7 wp-block-columns-is-layout-flex\">\n<div class=\"wp-block-column neve-duotone is-layout-flow wp-block-column-is-layout-flow\" style=\"padding-right:var(--wp--preset--spacing--30);padding-left:var(--wp--preset--spacing--30)\"><div class=\"wp-block-image icon-style is-style-default wp-duotone-unset-1\">\n<figure class=\"aligncenter size-full has-custom-border\"><img decoding=\"async\" src=\"http:\/\/future-office.pl\/wp-content\/themes\/neve\/assets\/img\/starter-content\/neve-marketing-icon-1.png\" alt=\"\" style=\"border-radius:0px\" title=\"\"\/><\/figure>\n<\/div>\n\n\n<div style=\"height:16px\" aria-hidden=\"true\" class=\"wp-block-spacer\"><\/div>\n\n\n\n<h3 class=\"wp-block-heading has-text-align-center has-neve-text-color-color has-text-color\"><strong>Ma\u0142e i \u015brednie przedsi\u0119biorstwa (sektor M\u015aP)<\/strong><\/h3>\n\n\n\n<p class=\"has-text-align-center\"><em>Firmy, kt\u00f3re potrzebuj\u0105 optymalizacji proces\u00f3w administracyjnych, ale nie maj\u0105 zasob\u00f3w na zatrudnianie pe\u0142noetatowych pracownik\u00f3w.<\/em><\/p>\n\n\n\n<div style=\"height:20px\" aria-hidden=\"true\" class=\"wp-block-spacer\"><\/div>\n<\/div>\n\n\n\n<div class=\"wp-block-column is-layout-flow wp-block-column-is-layout-flow\" style=\"padding-right:var(--wp--preset--spacing--30);padding-left:var(--wp--preset--spacing--30)\"><div class=\"wp-block-image icon-style is-style-default\">\n<figure class=\"aligncenter size-full has-custom-border\"><img decoding=\"async\" src=\"http:\/\/future-office.pl\/wp-content\/themes\/neve\/assets\/img\/starter-content\/neve-marketing-icon-4.1.png\" alt=\"\" style=\"border-radius:0px\" title=\"\"\/><\/figure>\n<\/div>\n\n\n<div style=\"height:16px\" aria-hidden=\"true\" class=\"wp-block-spacer\"><\/div>\n\n\n\n<h3 class=\"wp-block-heading has-text-align-center has-neve-text-color-color has-text-color\">Firmy z bran\u017cy <br>e-commerce<\/h3>\n\n\n\n<p class=\"has-text-align-center\"><em>Przedsi\u0119biorstwa o du\u017cym obci\u0105\u017ceniu administracyjnym zwi\u0105zanym z obs\u0142ug\u0105 zam\u00f3wie\u0144, faktur i logistyki, kt\u00f3re potrzebuj\u0105 elastycznych rozwi\u0105za\u0144 administracyjnych.<\/em><\/p>\n<\/div>\n\n\n\n<div class=\"wp-block-column is-layout-flow wp-block-column-is-layout-flow\" style=\"padding-right:var(--wp--preset--spacing--30);padding-left:var(--wp--preset--spacing--30)\"><div class=\"wp-block-image icon-style is-style-default wp-duotone-unset-2\">\n<figure class=\"aligncenter size-full has-custom-border\"><img decoding=\"async\" src=\"http:\/\/future-office.pl\/wp-content\/themes\/neve\/assets\/img\/starter-content\/neve-marketing-icon-3.1.png\" alt=\"\" style=\"border-radius:0px\" title=\"\"\/><\/figure>\n<\/div>\n\n\n<div style=\"height:16px\" aria-hidden=\"true\" class=\"wp-block-spacer\"><\/div>\n\n\n\n<h3 class=\"wp-block-heading has-text-align-center has-neve-text-color-color has-text-color\"><strong>Przedsi\u0119biorstwa produkcyjne<\/strong><\/h3>\n\n\n\n<p class=\"has-text-align-center\"><em>Firmy, kt\u00f3re mog\u0105 potrzebowa\u0107 wsparcia w zarz\u0105dzaniu dokumentacj\u0105, zaopatrzeniem i logistyk\u0105, aby skupi\u0107 si\u0119 na swojej g\u0142\u00f3wnej dzia\u0142alno\u015bci produkcyjnej.<\/em><\/p>\n\n\n\n<div style=\"height:20px\" aria-hidden=\"true\" class=\"wp-block-spacer\"><\/div>\n<\/div>\n\n\n\n<div class=\"wp-block-column is-layout-flow wp-block-column-is-layout-flow\" style=\"padding-right:var(--wp--preset--spacing--30);padding-left:var(--wp--preset--spacing--30)\"><div class=\"wp-block-image icon-style is-style-default wp-duotone-unset-3\">\n<figure class=\"aligncenter size-full has-custom-border\"><img decoding=\"async\" src=\"http:\/\/future-office.pl\/wp-content\/themes\/neve\/assets\/img\/starter-content\/neve-marketing-icon-2.png\" alt=\"\" style=\"border-radius:0px\" title=\"\"\/><\/figure>\n<\/div>\n\n\n<div style=\"height:16px\" aria-hidden=\"true\" class=\"wp-block-spacer\"><\/div>\n\n\n\n<h3 class=\"wp-block-heading has-text-align-center has-neve-text-color-color has-text-color\"><strong>Firmy IT<\/strong><\/h3>\n\n\n\n<p class=\"has-text-align-center\"><br><em>Organizacje, kt\u00f3re rozwijaj\u0105 si\u0119 dynamicznie i wymagaj\u0105 efektywnego zarz\u0105dzania biurem, dokumentami i procesami administracyjnymi, ale chc\u0105 zachowa\u0107 elastyczno\u015b\u0107 w zakresie zatrudnienia.<\/em><\/p>\n<\/div>\n<\/div>\n\n\n\n<div class=\"wp-block-columns is-layout-flex wp-container-core-columns-is-layout-9d6595d7 wp-block-columns-is-layout-flex\">\n<div class=\"wp-block-column is-layout-flow wp-block-column-is-layout-flow\">\n<h2 class=\"wp-block-heading has-text-align-center has-neve-text-color-color has-text-color has-link-color wp-elements-556c13b790df39aeb492987259d2a75b\">Jak to dzia\u0142a?<\/h2>\n\n\n\n<div class=\"wp-block-columns alignwide are-vertically-aligned-center is-layout-flex wp-container-core-columns-is-layout-ed5226f6 wp-block-columns-is-layout-flex\" style=\"padding-right:0;padding-left:0\">\n<div class=\"wp-block-column is-vertically-aligned-center is-layout-flow wp-block-column-is-layout-flow\" style=\"flex-basis:66.66%\">\n<blockquote class=\"wp-block-quote is-layout-flow wp-block-quote-is-layout-flow\">\n<div class=\"wp-block-group is-vertical is-layout-flex wp-container-core-group-is-layout-8cf370e7 wp-block-group-is-layout-flex\">\n<h3 class=\"wp-block-heading has-text-align-left\">1. Analiza Twoich potrzeb<\/h3>\n\n\n\n<p>Na pocz\u0105tku przeprowadzamy kr\u00f3tk\u0105 rozmow\u0119 lub analiz\u0119 mailow\u0105, w kt\u00f3rej poznajemy Tw\u00f3j biznes i wyzwania, z jakimi si\u0119 mierzysz. Na podstawie tego dobieramy odpowiedni zakres us\u0142ug i model wsp\u00f3\u0142pracy.<\/p>\n<\/div>\n<\/blockquote>\n\n\n\n<figure class=\"wp-block-image alignfull size-full\"><img loading=\"lazy\" decoding=\"async\" width=\"2560\" height=\"1695\" src=\"https:\/\/future-office.pl\/wp-content\/uploads\/2024\/09\/pexels-goumbik-590022-1-scaled.jpg\" alt=\"\" class=\"wp-image-83\" srcset=\"http:\/\/future-office.pl\/wp-content\/uploads\/2024\/09\/pexels-goumbik-590022-1-scaled.jpg 2560w, http:\/\/future-office.pl\/wp-content\/uploads\/2024\/09\/pexels-goumbik-590022-1-300x199.jpg 300w, http:\/\/future-office.pl\/wp-content\/uploads\/2024\/09\/pexels-goumbik-590022-1-1024x678.jpg 1024w, http:\/\/future-office.pl\/wp-content\/uploads\/2024\/09\/pexels-goumbik-590022-1-768x509.jpg 768w, http:\/\/future-office.pl\/wp-content\/uploads\/2024\/09\/pexels-goumbik-590022-1-1536x1017.jpg 1536w, http:\/\/future-office.pl\/wp-content\/uploads\/2024\/09\/pexels-goumbik-590022-1-2048x1356.jpg 2048w\" sizes=\"auto, (max-width: 2560px) 100vw, 2560px\" \/><\/figure>\n<\/div>\n<\/div>\n\n\n\n<h3 class=\"wp-block-heading has-text-align-center\">2. <strong>Dostosowanie oferty do Twoich potrzeb<\/strong> <br><\/h3>\n\n\n\n<p>Na podstawie analizy przygotowujemy spersonalizowan\u0105 propozycj\u0119 wsp\u00f3\u0142pracy. Zamiast oferowa\u0107 uniwersalne rozwi\u0105zania, tworzymy ofert\u0119 dostosowan\u0105 do specyfiki Twojego biznesu oraz jego aktualnych potrzeb.<\/p>\n\n\n\n<h3 class=\"wp-block-heading has-text-align-center\">3. <strong>Umowa i dost\u0119p do zespo\u0142u<\/strong><\/h3>\n\n\n\n<p><br>W trosce o Twoje bezpiecze\u0144stwo i pe\u0142ne zaufanie, przed rozpocz\u0119ciem wsp\u00f3\u0142pracy podpisujemy szczeg\u00f3\u0142ow\u0105 <strong>umow\u0119 wsp\u00f3\u0142pracy<\/strong>, a tak\u017ce <strong>umow\u0119 o zachowaniu poufno\u015bci (NDA)<\/strong>. Ochrona Twoich danych i interes\u00f3w jest dla nas priorytetem, dlatego zapewniamy, \u017ce wszystkie przekazywane informacje s\u0105 traktowane z najwy\u017csz\u0105 dba\u0142o\u015bci\u0105 o bezpiecze\u0144stwo. W ramach umowy o powierzenie danych gwarantujemy pe\u0142n\u0105 zgodno\u015b\u0107 z przepisami dotycz\u0105cymi ochrony danych osobowych (w tym RODO), dzi\u0119ki czemu mo\u017cesz mie\u0107 pewno\u015b\u0107, \u017ce Twoje dane s\u0105 w bezpiecznych r\u0119kach.<\/p>\n\n\n\n<h3 class=\"wp-block-heading has-text-align-center\">4. <strong>Elastyczna wsp\u00f3\u0142praca<\/strong><br><\/h3>\n\n\n\n<p>Nie musisz wi\u0105za\u0107 si\u0119 d\u0142ugoterminow\u0105 umow\u0105 \u2013 wsp\u00f3\u0142pracujemy tak, jak tego potrzebujesz. Niezale\u017cnie od tego, czy potrzebujesz nas na kr\u00f3tki okres, czy na d\u0142u\u017cszy czas, dostosowujemy nasze us\u0142ugi do Twojego harmonogramu. Oferujemy:<\/p>\n\n\n\n<ul class=\"wp-block-list\">\n<li>Elastyczne godziny pracy,<\/li>\n\n\n\n<li>Mo\u017cliwo\u015b\u0107 skalowania us\u0142ug w zale\u017cno\u015bci od potrzeb,<\/li>\n\n\n\n<li>Szybk\u0105 reakcj\u0119 na zmieniaj\u0105ce si\u0119 wymagania Twojego biznesu.<\/li>\n<\/ul>\n\n\n\n<h3 class=\"wp-block-heading has-text-align-center\">5. <strong>Realizacja zada\u0144<\/strong><\/h3>\n\n\n\n<p><br>Po podpisaniu um\u00f3w przechodzimy do realizacji zada\u0144. Nasz zesp\u00f3\u0142 specjalist\u00f3w pracuje w spos\u00f3b:<\/p>\n\n\n\n<ol start=\"5\" class=\"wp-block-list has-neve-text-color-color has-text-color has-link-color wp-elements-5c0db7de9fcc54a1b84ab6c51acac89d\"><\/ol>\n\n\n\n<ul class=\"wp-block-list has-neve-text-color-color has-text-color has-link-color wp-elements-8cd8670c3de980a92b5b5f6a05249a86\">\n<li>Zdalny lub hybrydowy \u2013 w zale\u017cno\u015bci od Twoich preferencji,<\/li>\n\n\n\n<li>Zgodny z ustalonymi standardami jako\u015bci i terminami,<\/li>\n\n\n\n<li>Transparentny \u2013 regularnie raportujemy post\u0119py i utrzymujemy sta\u0142y kontakt z Twoim zespo\u0142em.<\/li>\n<\/ul>\n\n\n\n<h3 class=\"wp-block-heading has-text-align-center\">6. <strong>Sta\u0142y monitoring i optymalizacja<\/strong><\/h3>\n\n\n\n<p>Regularnie analizujemy nasz\u0105 wsp\u00f3\u0142prac\u0119, aby upewni\u0107 si\u0119, \u017ce nasze us\u0142ugi przynosz\u0105 maksymalne korzy\u015bci. Dzi\u0119ki temu:<\/p>\n\n\n\n<ol start=\"6\" class=\"wp-block-list has-neve-text-color-color has-text-color has-link-color wp-elements-b55bac1dc96f1166eaa6c036b76fb042\"><\/ol>\n\n\n\n<ul class=\"wp-block-list\">\n<li>Mo\u017cemy na bie\u017c\u0105co dostosowywa\u0107 nasz\u0105 ofert\u0119 do dynamicznych potrzeb Twojej firmy,<\/li>\n\n\n\n<li>Proponujemy usprawnienia w procesach, kt\u00f3re mog\u0105 dodatkowo zwi\u0119kszy\u0107 efektywno\u015b\u0107 operacyjn\u0105.<\/li>\n<\/ul>\n<\/div>\n<\/div>\n\n\n\n<div class=\"wp-block-cover alignfull has-nv-text-dark-bg-color has-text-color has-link-color wp-elements-4aec8eee10400088739a0a2e460ad4a2\" style=\"min-height:420px;aspect-ratio:unset;\"><span aria-hidden=\"true\" class=\"wp-block-cover__background has-nv-dark-bg-background-color has-background-dim-100 has-background-dim\"><\/span><div class=\"wp-block-cover__inner-container is-layout-flow wp-block-cover-is-layout-flow\">\n<div style=\"height:80px\" aria-hidden=\"true\" class=\"wp-block-spacer\"><\/div>\n\n\n\n<div class=\"wp-block-columns is-layout-flex wp-container-core-columns-is-layout-9d6595d7 wp-block-columns-is-layout-flex\">\n<div class=\"wp-block-column ticss-4ce656f1 is-layout-flow wp-block-column-is-layout-flow\"><div class=\"wp-block-image is-style-rounded\">\n<figure class=\"aligncenter size-full is-resized has-custom-border\"><img loading=\"lazy\" decoding=\"async\" width=\"500\" height=\"500\" src=\"https:\/\/future-office.pl\/wp-content\/uploads\/2024\/09\/AZTEC-2.png\" alt=\"\" class=\"wp-image-102\" style=\"border-style:none;border-width:0px;border-radius:100px;width:128px;height:auto\" srcset=\"http:\/\/future-office.pl\/wp-content\/uploads\/2024\/09\/AZTEC-2.png 500w, http:\/\/future-office.pl\/wp-content\/uploads\/2024\/09\/AZTEC-2-300x300.png 300w, http:\/\/future-office.pl\/wp-content\/uploads\/2024\/09\/AZTEC-2-150x150.png 150w\" sizes=\"auto, (max-width: 500px) 100vw, 500px\" \/><\/figure>\n<\/div>\n\n\n<div style=\"height:24px\" aria-hidden=\"true\" class=\"wp-block-spacer\"><\/div>\n\n\n\n<p class=\"has-text-align-center has-nv-text-dark-bg-color has-text-color has-link-color wp-elements-31275808f119d3ecee4f6934f713d978\">&#8220;Wsp\u00f3\u0142pracujemy z Future Office ju\u017c kilka miesi\u0119cy i zauwa\u017camy ogromn\u0105 oszcz\u0119dno\u015b\u0107 czasu i przestrze\u0144 dla nowych dzia\u0142a\u0144.&#8221;<\/p>\n\n\n\n<p class=\"has-text-align-center has-nv-text-dark-bg-color has-text-color has-small-font-size\" style=\"text-transform:uppercase\"><br><br><strong>AZTEC meble<\/strong><\/p>\n\n\n\n<div style=\"height:20px\" aria-hidden=\"true\" class=\"wp-block-spacer\"><\/div>\n<\/div>\n\n\n\n<div class=\"wp-block-column ticss-f6fc7494 is-layout-flow wp-block-column-is-layout-flow\"><div class=\"wp-block-image is-style-rounded\">\n<figure class=\"aligncenter size-full is-resized\"><img loading=\"lazy\" decoding=\"async\" width=\"1000\" height=\"1000\" src=\"https:\/\/future-office.pl\/wp-content\/uploads\/2024\/09\/rrrrrr.png\" alt=\"\" class=\"wp-image-103\" style=\"width:122px;height:auto\" srcset=\"http:\/\/future-office.pl\/wp-content\/uploads\/2024\/09\/rrrrrr.png 1000w, http:\/\/future-office.pl\/wp-content\/uploads\/2024\/09\/rrrrrr-300x300.png 300w, http:\/\/future-office.pl\/wp-content\/uploads\/2024\/09\/rrrrrr-150x150.png 150w, http:\/\/future-office.pl\/wp-content\/uploads\/2024\/09\/rrrrrr-768x768.png 768w\" sizes=\"auto, (max-width: 1000px) 100vw, 1000px\" \/><\/figure>\n<\/div>\n\n\n<div style=\"height:24px\" aria-hidden=\"true\" class=\"wp-block-spacer\"><\/div>\n\n\n\n<p class=\"has-text-align-center has-nv-text-dark-bg-color has-text-color\">&#8220;Elastyczno\u015b\u0107 to najwi\u0119kszy atut tego<br> typu wsp\u00f3\u0142pracy, dla nas to <br>warto\u015b\u0107 nieoceniona.&#8221;<\/p>\n\n\n\n<p class=\"has-text-align-center has-nv-text-dark-bg-color has-text-color has-small-font-size\" style=\"text-transform:uppercase\"><br><br><br><br><strong>SOFTEC<\/strong><\/p>\n\n\n\n<div style=\"height:20px\" aria-hidden=\"true\" class=\"wp-block-spacer\"><\/div>\n<\/div>\n\n\n\n<div class=\"wp-block-column ticss-a5b4df29 is-layout-flow wp-block-column-is-layout-flow\"><div class=\"wp-block-image is-style-rounded\">\n<figure class=\"aligncenter size-full is-resized\"><img loading=\"lazy\" decoding=\"async\" width=\"1000\" height=\"1000\" src=\"https:\/\/future-office.pl\/wp-content\/uploads\/2024\/09\/ss.png\" alt=\"\" class=\"wp-image-105\" style=\"width:128px;height:auto\" srcset=\"http:\/\/future-office.pl\/wp-content\/uploads\/2024\/09\/ss.png 1000w, http:\/\/future-office.pl\/wp-content\/uploads\/2024\/09\/ss-300x300.png 300w, http:\/\/future-office.pl\/wp-content\/uploads\/2024\/09\/ss-150x150.png 150w, http:\/\/future-office.pl\/wp-content\/uploads\/2024\/09\/ss-768x768.png 768w\" sizes=\"auto, (max-width: 1000px) 100vw, 1000px\" \/><\/figure>\n<\/div>\n\n\n<div style=\"height:24px\" aria-hidden=\"true\" class=\"wp-block-spacer\"><\/div>\n\n\n\n<p class=\"has-text-align-center has-nv-text-dark-bg-color has-text-color\">Polecam firm\u0119 szczeg\u00f3lnie tym, kt\u00f3rzy s\u0105 w fazie rozwoju i tak jak ja &#8211; maj\u0105 za du\u017co na g\u0142owie. Oddelegowanie zada\u0144 nie by\u0142o \u0142atw\u0105 decyzj\u0105 ale teraz nie wyobra\u017cam sobie znowu robi\u0107 wszystkiego osobi\u015bcie:) <\/p>\n\n\n\n<p class=\"has-text-align-center has-nv-text-dark-bg-color has-text-color has-small-font-size\" style=\"text-transform:uppercase\"><br><strong>CH projekt<\/strong><\/p>\n\n\n\n<div style=\"height:20px\" aria-hidden=\"true\" class=\"wp-block-spacer\"><\/div>\n<\/div>\n<\/div>\n\n\n\n<div style=\"height:0px\" aria-hidden=\"true\" class=\"wp-block-spacer\"><\/div>\n<\/div><\/div>\n\n\n\n<p><\/p>\n\n\n\n<div class=\"wp-block-cover alignfull is-light\" style=\"min-height:300px;aspect-ratio:unset;\"><span aria-hidden=\"true\" class=\"wp-block-cover__background has-background-dim-100 has-background-dim\" style=\"background-color:#c4cfd9\"><\/span><div class=\"wp-block-cover__inner-container is-layout-flow wp-block-cover-is-layout-flow\">\n<div class=\"wp-block-columns is-layout-flex wp-container-core-columns-is-layout-9d6595d7 wp-block-columns-is-layout-flex\">\n<div class=\"wp-block-column is-layout-flow wp-block-column-is-layout-flow\" style=\"flex-basis:60%\">\n<div class=\"wp-block-group\"><div class=\"wp-block-group__inner-container is-layout-constrained wp-block-group-is-layout-constrained\">\n<h2 class=\"wp-block-heading has-text-align-center has-nv-text-dark-bg-color has-text-color\">Skup si\u0119 na rozwoju, a reszt\u0119 zostaw Future Office!<\/h2>\n\n\n\n<p class=\"has-text-align-center has-nv-text-dark-bg-color has-text-color has-link-color wp-elements-37c77ed82cc00a2dd1b95a6ab9bbd208\">Je\u015bli chcesz, aby Twoja firma dzia\u0142a\u0142a sprawniej i bez zb\u0119dnych obci\u0105\u017ce\u0144 administracyjnych, jeste\u015bmy tutaj, aby Ci pom\u00f3c! <\/p>\n\n\n\n<p class=\"has-text-align-center has-nv-text-dark-bg-color has-text-color has-link-color wp-elements-f52d70505df9896000a31cfadc184fa3\">Oferujemy <strong>bezp\u0142atn\u0105 konsultacj\u0119<\/strong>, na kt\u00f3rej wsp\u00f3lnie przeanalizujemy Twoje potrzeby i opracujemy <strong>spersonalizowan\u0105 ofert\u0119<\/strong>, idealnie dopasowan\u0105 do Twojego biznesu.<\/p>\n\n\n\n<p class=\"has-text-align-center has-nv-text-dark-bg-color has-text-color has-link-color wp-elements-b51ba2bea6949dacd0611537a79f4c1c\">Nie czekaj \u2013 zr\u00f3b pierwszy krok w stron\u0119 efektywniejszego zarz\u0105dzania!<\/p>\n\n\n\n<div class=\"wp-block-buttons is-horizontal is-content-justification-center is-layout-flex wp-container-core-buttons-is-layout-499968f5 wp-block-buttons-is-layout-flex\">\n<div class=\"wp-block-button is-style-primary\"><a class=\"wp-block-button__link has-text-color has-background has-link-color wp-element-button\" href=\"https:\/\/calendly.com\/kontakt-future-office\/konsultacja-outsourcing-administracyjny\" style=\"border-style:none;border-width:0px;color:#b8ae8b;background-color:#ffffff;text-transform:capitalize\">Um\u00f3w Si\u0119 na konsultacj\u0119<\/a><\/div>\n<\/div>\n<\/div><\/div>\n<\/div>\n\n\n\n<div class=\"wp-block-column is-layout-flow wp-block-column-is-layout-flow\" style=\"flex-basis:20%\"><\/div>\n<\/div>\n<\/div><\/div>\n\n\n\n<p><\/p>\n","protected":false},"excerpt":{"rendered":"<p>Ma\u0142e i \u015brednie przedsi\u0119biorstwa (sektor M\u015aP) Firmy, kt\u00f3re potrzebuj\u0105 optymalizacji proces\u00f3w administracyjnych, ale nie maj\u0105 zasob\u00f3w na zatrudnianie pe\u0142noetatowych pracownik\u00f3w. Firmy z bran\u017cy e-commerce Przedsi\u0119biorstwa o du\u017cym obci\u0105\u017ceniu administracyjnym zwi\u0105zanym z obs\u0142ug\u0105 zam\u00f3wie\u0144, faktur i logistyki, kt\u00f3re potrzebuj\u0105 elastycznych rozwi\u0105za\u0144 administracyjnych. Przedsi\u0119biorstwa produkcyjne Firmy, kt\u00f3re mog\u0105 potrzebowa\u0107 wsparcia w zarz\u0105dzaniu dokumentacj\u0105, zaopatrzeniem i logistyk\u0105, aby&hellip;&nbsp;<a href=\"http:\/\/future-office.pl\/\" class=\"\" rel=\"bookmark\">Read More &raquo;<span class=\"screen-reader-text\">Strona g\u0142\u00f3wna<\/span><\/a><\/p>\n","protected":false},"author":1,"featured_media":0,"parent":0,"menu_order":0,"comment_status":"closed","ping_status":"closed","template":"","meta":{"neve_meta_sidebar":"","neve_meta_container":"","neve_meta_enable_content_width":"on","neve_meta_content_width":100,"neve_meta_title_alignment":"","neve_meta_author_avatar":"","neve_post_elements_order":"","neve_meta_disable_header":"","neve_meta_disable_footer":"","neve_meta_disable_title":"on","footnotes":""},"class_list":["post-8","page","type-page","status-publish","hentry"],"_links":{"self":[{"href":"http:\/\/future-office.pl\/index.php?rest_route=\/wp\/v2\/pages\/8","targetHints":{"allow":["GET"]}}],"collection":[{"href":"http:\/\/future-office.pl\/index.php?rest_route=\/wp\/v2\/pages"}],"about":[{"href":"http:\/\/future-office.pl\/index.php?rest_route=\/wp\/v2\/types\/page"}],"author":[{"embeddable":true,"href":"http:\/\/future-office.pl\/index.php?rest_route=\/wp\/v2\/users\/1"}],"replies":[{"embeddable":true,"href":"http:\/\/future-office.pl\/index.php?rest_route=%2Fwp%2Fv2%2Fcomments&post=8"}],"version-history":[{"count":25,"href":"http:\/\/future-office.pl\/index.php?rest_route=\/wp\/v2\/pages\/8\/revisions"}],"predecessor-version":[{"id":125,"href":"http:\/\/future-office.pl\/index.php?rest_route=\/wp\/v2\/pages\/8\/revisions\/125"}],"wp:attachment":[{"href":"http:\/\/future-office.pl\/index.php?rest_route=%2Fwp%2Fv2%2Fmedia&parent=8"}],"curies":[{"name":"wp","href":"https:\/\/api.w.org\/{rel}","templated":true}]}}